{"id":102,"date":"2025-12-12T13:41:54","date_gmt":"2025-12-12T10:41:54","guid":{"rendered":"https:\/\/deltasizmir.com\/?page_id=102"},"modified":"2025-12-17T16:34:07","modified_gmt":"2025-12-17T13:34:07","slug":"temel-silahli-guvenlik-egitimi","status":"publish","type":"page","link":"https:\/\/deltasizmir.com\/index.php\/temel-silahli-guvenlik-egitimi\/","title":{"rendered":"Temel Silahl\u0131 G\u00fcvenlik E\u011fitimi"},"content":{"rendered":"\t\t<div data-elementor-type=\"wp-page\" data-elementor-id=\"102\" class=\"elementor elementor-102\" data-elementor-post-type=\"page\">\n\t\t\t\t\t\t<section class=\"elementor-section elementor-top-section elementor-element elementor-element-565d3310 elementor-reverse-mobile elementor-section-boxed elementor-section-height-default elementor-section-height-default\" data-id=\"565d3310\" data-element_type=\"section\" data-settings=\"{&quot;background_background&quot;:&quot;classic&quot;}\">\n\t\t\t\t\t\t\t<div class=\"elementor-background-overlay\"><\/div>\n\t\t\t\t\t\t\t<div class=\"elementor-container elementor-column-gap-default\">\n\t\t\t\t\t<div class=\"elementor-column elementor-col-100 elementor-top-column elementor-element elementor-element-23169bf6\" data-id=\"23169bf6\" data-element_type=\"column\">\n\t\t\t<div class=\"elementor-widget-wrap elementor-element-populated\">\n\t\t\t\t\t\t<section class=\"elementor-section elementor-inner-section elementor-element elementor-element-4fb85d67 elementor-section-content-middle elementor-section-boxed elementor-section-height-default elementor-section-height-default\" data-id=\"4fb85d67\" data-element_type=\"section\">\n\t\t\t\t\t\t<div class=\"elementor-container elementor-column-gap-default\">\n\t\t\t\t\t<div class=\"elementor-column elementor-col-50 elementor-inner-column elementor-element elementor-element-4e460aee\" data-id=\"4e460aee\" data-element_type=\"column\">\n\t\t\t<div class=\"elementor-widget-wrap elementor-element-populated\">\n\t\t\t\t\t\t<div class=\"elementor-element elementor-element-58e7f5f3 elementor-widget elementor-widget-heading\" data-id=\"58e7f5f3\" data-element_type=\"widget\" data-widget_type=\"heading.default\">\n\t\t\t\t\t<h1 class=\"elementor-heading-title elementor-size-default\">Temel Silahl\u0131 G\u00fcvenlik E\u011fitimi<\/h1>\t\t\t\t<\/div>\n\t\t\t\t\t<\/div>\n\t\t<\/div>\n\t\t\t\t<div class=\"elementor-column elementor-col-50 elementor-inner-column elementor-element elementor-element-58f46fae\" data-id=\"58f46fae\" data-element_type=\"column\">\n\t\t\t<div class=\"elementor-widget-wrap elementor-element-populated\">\n\t\t\t\t\t\t<div class=\"elementor-element elementor-element-2c500b1b elementor-widget elementor-widget-image\" data-id=\"2c500b1b\" data-element_type=\"widget\" data-widget_type=\"image.default\">\n\t\t\t\t\t\t\t\t\t\t\t\t\t\t\t<img fetchpriority=\"high\" decoding=\"async\" width=\"450\" height=\"451\" src=\"https:\/\/deltasizmir.com\/wp-content\/uploads\/2025\/12\/ozel-guvenlik.png.webp\" class=\"attachment-full size-full wp-image-133\" alt=\"\" srcset=\"https:\/\/deltasizmir.com\/wp-content\/uploads\/2025\/12\/ozel-guvenlik.png.webp 450w, https:\/\/deltasizmir.com\/wp-content\/uploads\/2025\/12\/ozel-guvenlik.png-300x300.webp 300w, https:\/\/deltasizmir.com\/wp-content\/uploads\/2025\/12\/ozel-guvenlik.png-150x150.webp 150w\" sizes=\"(max-width: 450px) 100vw, 450px\" \/>\t\t\t\t\t\t\t\t\t\t\t\t\t\t\t<\/div>\n\t\t\t\t\t<\/div>\n\t\t<\/div>\n\t\t\t\t\t<\/div>\n\t\t<\/section>\n\t\t\t\t\t<\/div>\n\t\t<\/div>\n\t\t\t\t\t<\/div>\n\t\t<\/section>\n\t\t<div class=\"elementor-element elementor-element-3d425c9 e-flex e-con-boxed e-con e-parent\" data-id=\"3d425c9\" data-element_type=\"container\" data-settings=\"{&quot;background_background&quot;:&quot;classic&quot;}\">\n\t\t\t\t\t<div class=\"e-con-inner\">\n\t\t<div class=\"elementor-element elementor-element-f7d3548 e-con-full e-flex e-con e-child\" data-id=\"f7d3548\" data-element_type=\"container\">\n\t\t\t\t<div class=\"elementor-element elementor-element-c0dfee1 elementor-widget elementor-widget-template\" data-id=\"c0dfee1\" data-element_type=\"widget\" data-widget_type=\"template.default\">\n\t\t\t\t<div class=\"elementor-widget-container\">\n\t\t\t\t\t\t\t<div class=\"elementor-template\">\n\t\t\t\t\t<div data-elementor-type=\"container\" data-elementor-id=\"205\" class=\"elementor elementor-205\" data-elementor-post-type=\"elementor_library\">\n\t\t\t\t<div class=\"elementor-element elementor-element-4d2ffe4 e-flex e-con-boxed e-con e-parent\" data-id=\"4d2ffe4\" data-element_type=\"container\">\n\t\t\t\t\t<div class=\"e-con-inner\">\n\t\t\t\t<div class=\"elementor-element elementor-element-571f1e1 elementor-button-align-stretch elementor-widget elementor-widget-form\" data-id=\"571f1e1\" data-element_type=\"widget\" data-settings=\"{&quot;step_next_label&quot;:&quot;Next&quot;,&quot;step_previous_label&quot;:&quot;Previous&quot;,&quot;button_width&quot;:&quot;100&quot;,&quot;step_type&quot;:&quot;number_text&quot;,&quot;step_icon_shape&quot;:&quot;circle&quot;}\" data-widget_type=\"form.default\">\n\t\t\t\t\t\t\t<form class=\"elementor-form\" method=\"post\" name=\"New Form\" aria-label=\"New Form\">\n\t\t\t<input type=\"hidden\" name=\"post_id\" value=\"205\"\/>\n\t\t\t<input type=\"hidden\" name=\"form_id\" value=\"571f1e1\"\/>\n\t\t\t<input type=\"hidden\" name=\"referer_title\" value=\"Kurs Kay\u0131t ve \u015eartlar\" \/>\n\n\t\t\t\t\t\t\t<input type=\"hidden\" name=\"queried_id\" value=\"106\"\/>\n\t\t\t\n\t\t\t<div class=\"elementor-form-fields-wrapper elementor-labels-\">\n\t\t\t\t\t\t\t\t<div class=\"elementor-field-type-text elementor-field-group elementor-column elementor-field-group-name elementor-col-100\">\n\t\t\t\t\t\t\t\t\t\t\t\t<label for=\"form-field-name\" class=\"elementor-field-label elementor-screen-only\">\n\t\t\t\t\t\t\t\tName\t\t\t\t\t\t\t<\/label>\n\t\t\t\t\t\t\t\t\t\t\t\t\t\t<input size=\"1\" type=\"text\" name=\"form_fields[name]\" id=\"form-field-name\" class=\"elementor-field elementor-size-sm  elementor-field-textual\" placeholder=\"\u0130sim Soyisim\">\n\t\t\t\t\t\t\t\t\t\t\t<\/div>\n\t\t\t\t\t\t\t\t<div class=\"elementor-field-type-tel elementor-field-group elementor-column elementor-field-group-email elementor-col-100 elementor-field-required\">\n\t\t\t\t\t\t\t\t\t\t\t\t<label for=\"form-field-email\" class=\"elementor-field-label elementor-screen-only\">\n\t\t\t\t\t\t\t\tEmail\t\t\t\t\t\t\t<\/label>\n\t\t\t\t\t\t\t\t<input size=\"1\" type=\"tel\" name=\"form_fields[email]\" id=\"form-field-email\" class=\"elementor-field elementor-size-sm  elementor-field-textual\" placeholder=\"Telefon Numaras\u0131\" required=\"required\" pattern=\"[0-9()#&amp;+*-=.]+\" title=\"Only numbers and phone characters (#, -, *, etc) are accepted.\">\n\n\t\t\t\t\t\t<\/div>\n\t\t\t\t\t\t\t\t<div class=\"elementor-field-type-checkbox elementor-field-group elementor-column elementor-field-group-field_525a418 elementor-col-100\">\n\t\t\t\t\t<div class=\"elementor-field-subgroup  \"><span class=\"elementor-field-option\"><input type=\"checkbox\" value=\"\u00d6zel G\u00fcvenlik Silahl\u0131 Temel E\u011fitimi\" id=\"form-field-field_525a418-0\" name=\"form_fields[field_525a418][]\"> <label for=\"form-field-field_525a418-0\">\u00d6zel G\u00fcvenlik Silahl\u0131 Temel E\u011fitimi<\/label><\/span><span class=\"elementor-field-option\"><input type=\"checkbox\" value=\"\u00d6zel G\u00fcvenlik Silahl\u0131 Yenileme E\u011fitimi\" id=\"form-field-field_525a418-1\" name=\"form_fields[field_525a418][]\"> <label for=\"form-field-field_525a418-1\">\u00d6zel G\u00fcvenlik Silahl\u0131 Yenileme E\u011fitimi<\/label><\/span><span class=\"elementor-field-option\"><input type=\"checkbox\" value=\"\u00d6zel G\u00fcvenlik Silahs\u0131z Temel E\u011fitimi\" id=\"form-field-field_525a418-2\" name=\"form_fields[field_525a418][]\"> <label for=\"form-field-field_525a418-2\">\u00d6zel G\u00fcvenlik Silahs\u0131z Temel E\u011fitimi<\/label><\/span><span class=\"elementor-field-option\"><input type=\"checkbox\" value=\"\u00d6zel G\u00fcvenlik Silahs\u0131z Yenileme E\u011fitimi\" id=\"form-field-field_525a418-3\" name=\"form_fields[field_525a418][]\"> <label for=\"form-field-field_525a418-3\">\u00d6zel G\u00fcvenlik Silahs\u0131z Yenileme E\u011fitimi<\/label><\/span><span class=\"elementor-field-option\"><input type=\"checkbox\" value=\"Silahs\u0131zdan Silahl\u0131 Ge\u00e7i\u015f E\u011fitimi\" id=\"form-field-field_525a418-4\" name=\"form_fields[field_525a418][]\"> <label for=\"form-field-field_525a418-4\">Silahs\u0131zdan Silahl\u0131 Ge\u00e7i\u015f E\u011fitimi<\/label><\/span><\/div>\t\t\t\t<\/div>\n\t\t\t\t\t\t\t\t<div class=\"elementor-field-group elementor-column elementor-field-type-submit elementor-col-100 e-form__buttons\">\n\t\t\t\t\t<button class=\"elementor-button elementor-size-sm\" type=\"submit\">\n\t\t\t\t\t\t<span class=\"elementor-button-content-wrapper\">\n\t\t\t\t\t\t\t\t\t\t\t\t\t\t\t\t\t\t\t\t\t\t<span class=\"elementor-button-text\">Ba\u015fvur<\/span>\n\t\t\t\t\t\t\t\t\t\t\t\t\t<\/span>\n\t\t\t\t\t<\/button>\n\t\t\t\t<\/div>\n\t\t\t<\/div>\n\t\t<\/form>\n\t\t\t\t\t\t<\/div>\n\t\t\t\t<div class=\"elementor-element elementor-element-9d788cd elementor-widget elementor-widget-heading\" data-id=\"9d788cd\" data-element_type=\"widget\" data-widget_type=\"heading.default\">\n\t\t\t\t\t<h5 class=\"elementor-heading-title elementor-size-default\">Son Yaz\u0131lar<\/h5>\t\t\t\t<\/div>\n\t\t\t\t\t<\/div>\n\t\t\t\t<\/div>\n\t\t\t\t<\/div>\n\t\t\t\t<\/div>\n\t\t\t\t\t\t<\/div>\n\t\t\t\t<\/div>\n\t\t\t\t<\/div>\n\t\t<div class=\"elementor-element elementor-element-f90da99 e-con-full e-flex e-con e-child\" data-id=\"f90da99\" data-element_type=\"container\">\n\t\t\t\t<div class=\"elementor-element elementor-element-163d325 elementor-widget elementor-widget-heading\" data-id=\"163d325\" data-element_type=\"widget\" data-widget_type=\"heading.default\">\n\t\t\t\t\t<h2 class=\"elementor-heading-title elementor-size-default\">\u00d6zel G\u00fcvenlik Temel Silahl\u0131 E\u011fitim\n<\/h2>\t\t\t\t<\/div>\n\t\t\t\t<div class=\"elementor-element elementor-element-fdc4bc2 elementor-widget elementor-widget-text-editor\" data-id=\"fdc4bc2\" data-element_type=\"widget\" data-widget_type=\"text-editor.default\">\n\t\t\t\t\t\t\t\t\t<ul><li>Temel silahl\u0131 e\u011fitim toplam 120 saattir.<\/li><li>En az lise mezunu olmak gerekir.<\/li><li>21 ya\u015f\u0131n\u0131 doldurmu\u015f 22 ya\u015f\u0131ndan g\u00fcn alm\u0131\u015f olmas\u0131 gerekir.<\/li><li>Mermi at\u0131\u015f talimi 15 metre mesafeden yapt\u0131r\u0131l\u0131r.<\/li><li>5188 say\u0131l\u0131 kanuna g\u00f6re kursiyerler e\u011fitim sonunda 100 soru silahs\u0131z \u00f6zel g\u00fcvenlikten,20 soru silah bilgisinden ve 5 adet mermi ile uygulamal\u0131 at\u0131\u015f s\u0131nav\u0131na girerler.<\/li><li>100 soruluk test s\u0131nav\u0131ndan ba\u015far\u0131l\u0131 olmak i\u00e7in en az 60 puan al\u0131nmal\u0131d\u0131r. Her soru 1 puand\u0131r.<\/li><li>Silah bilgisi sorular\u0131 2\u2019er puand\u0131r.<\/li><li>Mermi at\u0131\u015f uygulama s\u0131nav\u0131nda her isabetli vuru\u015f 10\u2019ar puand\u0131r.<\/li><li>Silah b\u00f6l\u00fcm\u00fcnden ba\u015far\u0131l\u0131 olamayanlar, silahs\u0131z k\u0131sm\u0131ndan ge\u00e7er not al\u0131nm\u0131\u015fsa silahs\u0131z sertifika alabilirler.<\/li><\/ul><h2>Ba\u015fvuru \u0130\u00e7in Gerekli Belgeler<\/h2><ul><li>1 adet n\u00fcfus c\u00fczdan fotokopisi<\/li><li>Foto\u011fraf(4 adet biyometrik foto\u011fraf {3,25\u00d72,5 cm ebatlar\u0131nda})<\/li><li>Diploma, \u00f6\u011frenci belgesi ya da yerine ge\u00e7en belge fotokopisi<\/li><li>Tam te\u015fekk\u00fcll\u00fc Devlet Hastanesinden \u2018Silahl\u0131 \u00d6zel G\u00fcvenlik G\u00f6revlisi Olur \u2018ibareli sa\u011fl\u0131k raporu<\/li><li>\u0130kametgah belgesi (\u0130nternet \u00e7\u0131kt\u0131s\u0131, N\u00fcfus m\u00fcd\u00fcrl\u00fc\u011f\u00fc ya da muhtarl\u0131k)<\/li><\/ul><div class=\"video video-fit mb\">\u00a0<\/div>\t\t\t\t\t\t\t\t<\/div>\n\t\t\t\t<div class=\"elementor-element elementor-element-7fdb3b2 elementor-widget elementor-widget-video\" data-id=\"7fdb3b2\" data-element_type=\"widget\" data-settings=\"{&quot;youtube_url&quot;:&quot;https:\\\/\\\/www.youtube.com\\\/watch?v=9RXuQB5q2N4&quot;,&quot;video_type&quot;:&quot;youtube&quot;,&quot;controls&quot;:&quot;yes&quot;}\" data-widget_type=\"video.default\">\n\t\t\t\t\t\t\t<div class=\"elementor-wrapper elementor-open-inline\">\n\t\t\t<div class=\"elementor-video\"><\/div>\t\t<\/div>\n\t\t\t\t\t\t<\/div>\n\t\t\t\t<\/div>\n\t\t\t\t\t<\/div>\n\t\t\t\t<\/div>\n\t\t\t\t<section class=\"elementor-section elementor-top-section elementor-element elementor-element-2291ab4 elementor-section-boxed elementor-section-height-default elementor-section-height-default\" data-id=\"2291ab4\" data-element_type=\"section\">\n\t\t\t\t\t\t<div class=\"elementor-container elementor-column-gap-default\">\n\t\t\t\t\t<div class=\"elementor-column elementor-col-100 elementor-top-column elementor-element elementor-element-35c127d\" data-id=\"35c127d\" data-element_type=\"column\">\n\t\t\t<div class=\"elementor-widget-wrap elementor-element-populated\">\n\t\t\t\t\t\t<section class=\"elementor-section elementor-inner-section elementor-element elementor-element-e4029de elementor-section-content-middle elementor-section-boxed elementor-section-height-default elementor-section-height-default\" data-id=\"e4029de\" data-element_type=\"section\" data-settings=\"{&quot;background_background&quot;:&quot;classic&quot;}\">\n\t\t\t\t\t\t<div class=\"elementor-container elementor-column-gap-default\">\n\t\t\t\t\t<div class=\"elementor-column elementor-col-50 elementor-inner-column elementor-element elementor-element-99acb49 elementor-invisible\" data-id=\"99acb49\" data-element_type=\"column\" data-settings=\"{&quot;animation&quot;:&quot;fadeInLeft&quot;}\">\n\t\t\t<div class=\"elementor-widget-wrap elementor-element-populated\">\n\t\t\t\t\t\t<div class=\"elementor-element elementor-element-43e65c7 elementor-widget elementor-widget-heading\" data-id=\"43e65c7\" data-element_type=\"widget\" data-widget_type=\"heading.default\">\n\t\t\t\t\t<h2 class=\"elementor-heading-title elementor-size-default\">Hedeflerinize Ula\u015fmak \u0130\u00e7in Beklemeyin Online Kurs ve Soru \u00c7\u00f6z\u00fcmleri ile Kendinizi Geli\u015ftirin<\/h2>\t\t\t\t<\/div>\n\t\t\t\t<div class=\"elementor-element elementor-element-0e43d5a elementor-widget elementor-widget-button\" data-id=\"0e43d5a\" data-element_type=\"widget\" data-widget_type=\"button.default\">\n\t\t\t\t\t\t\t\t\t\t<a class=\"elementor-button elementor-button-link elementor-size-md\" href=\"#\">\n\t\t\t\t\t\t<span class=\"elementor-button-content-wrapper\">\n\t\t\t\t\t\t\t\t\t<span class=\"elementor-button-text\">Daha Fazla<\/span>\n\t\t\t\t\t<\/span>\n\t\t\t\t\t<\/a>\n\t\t\t\t\t\t\t\t<\/div>\n\t\t\t\t\t<\/div>\n\t\t<\/div>\n\t\t\t\t<div class=\"elementor-column elementor-col-50 elementor-inner-column elementor-element elementor-element-e8588f4 elementor-invisible\" data-id=\"e8588f4\" data-element_type=\"column\" data-settings=\"{&quot;animation&quot;:&quot;fadeInUp&quot;}\">\n\t\t\t<div class=\"elementor-widget-wrap elementor-element-populated\">\n\t\t\t\t\t\t<div class=\"elementor-element elementor-element-6a38fd1 elementor-widget elementor-widget-image\" data-id=\"6a38fd1\" data-element_type=\"widget\" data-widget_type=\"image.default\">\n\t\t\t\t\t\t\t\t\t\t\t\t\t\t\t<img decoding=\"async\" width=\"1536\" height=\"1024\" src=\"https:\/\/deltasizmir.com\/wp-content\/uploads\/2025\/12\/ChatGPT-Image-15-Ara-2025-17_58_43.png\" class=\"attachment-full size-full wp-image-167\" alt=\"\" srcset=\"https:\/\/deltasizmir.com\/wp-content\/uploads\/2025\/12\/ChatGPT-Image-15-Ara-2025-17_58_43.png 1536w, https:\/\/deltasizmir.com\/wp-content\/uploads\/2025\/12\/ChatGPT-Image-15-Ara-2025-17_58_43-300x200.png 300w, https:\/\/deltasizmir.com\/wp-content\/uploads\/2025\/12\/ChatGPT-Image-15-Ara-2025-17_58_43-1024x683.png 1024w, https:\/\/deltasizmir.com\/wp-content\/uploads\/2025\/12\/ChatGPT-Image-15-Ara-2025-17_58_43-768x512.png 768w\" sizes=\"(max-width: 1536px) 100vw, 1536px\" \/>\t\t\t\t\t\t\t\t\t\t\t\t\t\t\t<\/div>\n\t\t\t\t\t<\/div>\n\t\t<\/div>\n\t\t\t\t\t<\/div>\n\t\t<\/section>\n\t\t\t\t\t<\/div>\n\t\t<\/div>\n\t\t\t\t\t<\/div>\n\t\t<\/section>\n\t\t\t\t<\/div>\n\t\t","protected":false},"excerpt":{"rendered":"<p>\u00d6zel G\u00fcvenlik Temel Silahl\u0131 E\u011fitim Temel silahl\u0131 e\u011fitim toplam 120 saattir. En az lise mezunu olmak gerekir. 21 ya\u015f\u0131n\u0131 doldurmu\u015f 22 ya\u015f\u0131ndan g\u00fcn alm\u0131\u015f olmas\u0131 gerekir. Mermi at\u0131\u015f talimi 15 metre mesafeden yapt\u0131r\u0131l\u0131r. 5188 say\u0131l\u0131 kanuna g\u00f6re kursiyerler e\u011fitim sonunda 100 soru silahs\u0131z \u00f6zel g\u00fcvenlikten,20 soru silah bilgisinden ve 5 adet mermi ile uygulamal\u0131 at\u0131\u015f [&hellip;]<\/p>\n","protected":false},"author":1,"featured_media":0,"parent":0,"menu_order":0,"comment_status":"closed","ping_status":"closed","template":"elementor_header_footer","meta":{"_joinchat":[],"footnotes":""},"class_list":["post-102","page","type-page","status-publish","hentry"],"_links":{"self":[{"href":"https:\/\/deltasizmir.com\/index.php\/wp-json\/wp\/v2\/pages\/102","targetHints":{"allow":["GET"]}}],"collection":[{"href":"https:\/\/deltasizmir.com\/index.php\/wp-json\/wp\/v2\/pages"}],"about":[{"href":"https:\/\/deltasizmir.com\/index.php\/wp-json\/wp\/v2\/types\/page"}],"author":[{"embeddable":true,"href":"https:\/\/deltasizmir.com\/index.php\/wp-json\/wp\/v2\/users\/1"}],"replies":[{"embeddable":true,"href":"https:\/\/deltasizmir.com\/index.php\/wp-json\/wp\/v2\/comments?post=102"}],"version-history":[{"count":11,"href":"https:\/\/deltasizmir.com\/index.php\/wp-json\/wp\/v2\/pages\/102\/revisions"}],"predecessor-version":[{"id":225,"href":"https:\/\/deltasizmir.com\/index.php\/wp-json\/wp\/v2\/pages\/102\/revisions\/225"}],"wp:attachment":[{"href":"https:\/\/deltasizmir.com\/index.php\/wp-json\/wp\/v2\/media?parent=102"}],"curies":[{"name":"wp","href":"https:\/\/api.w.org\/{rel}","templated":true}]}}