{"id":106,"date":"2025-12-12T13:42:32","date_gmt":"2025-12-12T10:42:32","guid":{"rendered":"https:\/\/deltasizmir.com\/?page_id=106"},"modified":"2025-12-17T16:33:10","modified_gmt":"2025-12-17T13:33:10","slug":"kurs-kayit-ve-sartlar","status":"publish","type":"page","link":"https:\/\/deltasizmir.com\/index.php\/kurs-kayit-ve-sartlar\/","title":{"rendered":"Kurs Kay\u0131t ve \u015eartlar"},"content":{"rendered":"\t\t<div data-elementor-type=\"wp-page\" data-elementor-id=\"106\" class=\"elementor elementor-106\" data-elementor-post-type=\"page\">\n\t\t\t\t\t\t<section class=\"elementor-section elementor-top-section elementor-element elementor-element-5124449c elementor-reverse-mobile elementor-section-boxed elementor-section-height-default elementor-section-height-default\" data-id=\"5124449c\" data-element_type=\"section\" data-settings=\"{&quot;background_background&quot;:&quot;classic&quot;}\">\n\t\t\t\t\t\t\t<div class=\"elementor-background-overlay\"><\/div>\n\t\t\t\t\t\t\t<div class=\"elementor-container elementor-column-gap-default\">\n\t\t\t\t\t<div class=\"elementor-column elementor-col-100 elementor-top-column elementor-element elementor-element-1ce0b4fc\" data-id=\"1ce0b4fc\" data-element_type=\"column\">\n\t\t\t<div class=\"elementor-widget-wrap elementor-element-populated\">\n\t\t\t\t\t\t<section class=\"elementor-section elementor-inner-section elementor-element elementor-element-5b1a3379 elementor-section-content-middle elementor-section-boxed elementor-section-height-default elementor-section-height-default\" data-id=\"5b1a3379\" data-element_type=\"section\">\n\t\t\t\t\t\t<div class=\"elementor-container elementor-column-gap-default\">\n\t\t\t\t\t<div class=\"elementor-column elementor-col-50 elementor-inner-column elementor-element elementor-element-519402de\" data-id=\"519402de\" data-element_type=\"column\">\n\t\t\t<div class=\"elementor-widget-wrap elementor-element-populated\">\n\t\t\t\t\t\t<div class=\"elementor-element elementor-element-4da7d553 elementor-widget elementor-widget-heading\" data-id=\"4da7d553\" data-element_type=\"widget\" data-widget_type=\"heading.default\">\n\t\t\t\t\t<h1 class=\"elementor-heading-title elementor-size-default\">Kurs Kay\u0131t ve \u015eartlar<\/h1>\t\t\t\t<\/div>\n\t\t\t\t\t<\/div>\n\t\t<\/div>\n\t\t\t\t<div class=\"elementor-column elementor-col-50 elementor-inner-column elementor-element elementor-element-29962982\" data-id=\"29962982\" data-element_type=\"column\">\n\t\t\t<div class=\"elementor-widget-wrap elementor-element-populated\">\n\t\t\t\t\t\t<div class=\"elementor-element elementor-element-53e21eb1 elementor-widget elementor-widget-image\" data-id=\"53e21eb1\" data-element_type=\"widget\" data-widget_type=\"image.default\">\n\t\t\t\t\t\t\t\t\t\t\t\t\t\t\t<img fetchpriority=\"high\" decoding=\"async\" width=\"450\" height=\"451\" src=\"https:\/\/deltasizmir.com\/wp-content\/uploads\/2025\/12\/ozel-guvenlik.png.webp\" class=\"attachment-full size-full wp-image-133\" alt=\"\" srcset=\"https:\/\/deltasizmir.com\/wp-content\/uploads\/2025\/12\/ozel-guvenlik.png.webp 450w, https:\/\/deltasizmir.com\/wp-content\/uploads\/2025\/12\/ozel-guvenlik.png-300x300.webp 300w, https:\/\/deltasizmir.com\/wp-content\/uploads\/2025\/12\/ozel-guvenlik.png-150x150.webp 150w\" sizes=\"(max-width: 450px) 100vw, 450px\" \/>\t\t\t\t\t\t\t\t\t\t\t\t\t\t\t<\/div>\n\t\t\t\t\t<\/div>\n\t\t<\/div>\n\t\t\t\t\t<\/div>\n\t\t<\/section>\n\t\t\t\t\t<\/div>\n\t\t<\/div>\n\t\t\t\t\t<\/div>\n\t\t<\/section>\n\t\t<div class=\"elementor-element elementor-element-7e1edd0 e-flex e-con-boxed e-con e-parent\" data-id=\"7e1edd0\" data-element_type=\"container\" data-settings=\"{&quot;background_background&quot;:&quot;classic&quot;}\">\n\t\t\t\t\t<div class=\"e-con-inner\">\n\t\t<div class=\"elementor-element elementor-element-95f5242 e-con-full e-flex e-con e-child\" data-id=\"95f5242\" data-element_type=\"container\">\n\t\t\t\t<div class=\"elementor-element elementor-element-6c6bbb1 elementor-widget elementor-widget-template\" data-id=\"6c6bbb1\" data-element_type=\"widget\" data-widget_type=\"template.default\">\n\t\t\t\t<div class=\"elementor-widget-container\">\n\t\t\t\t\t\t\t<div class=\"elementor-template\">\n\t\t\t\t\t<div data-elementor-type=\"container\" data-elementor-id=\"205\" class=\"elementor elementor-205\" data-elementor-post-type=\"elementor_library\">\n\t\t\t\t<div class=\"elementor-element elementor-element-4d2ffe4 e-flex e-con-boxed e-con e-parent\" data-id=\"4d2ffe4\" data-element_type=\"container\">\n\t\t\t\t\t<div class=\"e-con-inner\">\n\t\t\t\t<div class=\"elementor-element elementor-element-571f1e1 elementor-button-align-stretch elementor-widget elementor-widget-form\" data-id=\"571f1e1\" data-element_type=\"widget\" data-settings=\"{&quot;step_next_label&quot;:&quot;Next&quot;,&quot;step_previous_label&quot;:&quot;Previous&quot;,&quot;button_width&quot;:&quot;100&quot;,&quot;step_type&quot;:&quot;number_text&quot;,&quot;step_icon_shape&quot;:&quot;circle&quot;}\" data-widget_type=\"form.default\">\n\t\t\t\t\t\t\t<form class=\"elementor-form\" method=\"post\" name=\"New Form\" aria-label=\"New Form\">\n\t\t\t<input type=\"hidden\" name=\"post_id\" value=\"205\"\/>\n\t\t\t<input type=\"hidden\" name=\"form_id\" value=\"571f1e1\"\/>\n\t\t\t<input type=\"hidden\" name=\"referer_title\" value=\"Kurs Kay\u0131t ve \u015eartlar\" \/>\n\n\t\t\t\t\t\t\t<input type=\"hidden\" name=\"queried_id\" value=\"106\"\/>\n\t\t\t\n\t\t\t<div class=\"elementor-form-fields-wrapper elementor-labels-\">\n\t\t\t\t\t\t\t\t<div class=\"elementor-field-type-text elementor-field-group elementor-column elementor-field-group-name elementor-col-100\">\n\t\t\t\t\t\t\t\t\t\t\t\t<label for=\"form-field-name\" class=\"elementor-field-label elementor-screen-only\">\n\t\t\t\t\t\t\t\tName\t\t\t\t\t\t\t<\/label>\n\t\t\t\t\t\t\t\t\t\t\t\t\t\t<input size=\"1\" type=\"text\" name=\"form_fields[name]\" id=\"form-field-name\" class=\"elementor-field elementor-size-sm  elementor-field-textual\" placeholder=\"\u0130sim Soyisim\">\n\t\t\t\t\t\t\t\t\t\t\t<\/div>\n\t\t\t\t\t\t\t\t<div class=\"elementor-field-type-tel elementor-field-group elementor-column elementor-field-group-email elementor-col-100 elementor-field-required\">\n\t\t\t\t\t\t\t\t\t\t\t\t<label for=\"form-field-email\" class=\"elementor-field-label elementor-screen-only\">\n\t\t\t\t\t\t\t\tEmail\t\t\t\t\t\t\t<\/label>\n\t\t\t\t\t\t\t\t<input size=\"1\" type=\"tel\" name=\"form_fields[email]\" id=\"form-field-email\" class=\"elementor-field elementor-size-sm  elementor-field-textual\" placeholder=\"Telefon Numaras\u0131\" required=\"required\" pattern=\"[0-9()#&amp;+*-=.]+\" title=\"Only numbers and phone characters (#, -, *, etc) are accepted.\">\n\n\t\t\t\t\t\t<\/div>\n\t\t\t\t\t\t\t\t<div class=\"elementor-field-type-checkbox elementor-field-group elementor-column elementor-field-group-field_525a418 elementor-col-100\">\n\t\t\t\t\t<div class=\"elementor-field-subgroup  \"><span class=\"elementor-field-option\"><input type=\"checkbox\" value=\"\u00d6zel G\u00fcvenlik Silahl\u0131 Temel E\u011fitimi\" id=\"form-field-field_525a418-0\" name=\"form_fields[field_525a418][]\"> <label for=\"form-field-field_525a418-0\">\u00d6zel G\u00fcvenlik Silahl\u0131 Temel E\u011fitimi<\/label><\/span><span class=\"elementor-field-option\"><input type=\"checkbox\" value=\"\u00d6zel G\u00fcvenlik Silahl\u0131 Yenileme E\u011fitimi\" id=\"form-field-field_525a418-1\" name=\"form_fields[field_525a418][]\"> <label for=\"form-field-field_525a418-1\">\u00d6zel G\u00fcvenlik Silahl\u0131 Yenileme E\u011fitimi<\/label><\/span><span class=\"elementor-field-option\"><input type=\"checkbox\" value=\"\u00d6zel G\u00fcvenlik Silahs\u0131z Temel E\u011fitimi\" id=\"form-field-field_525a418-2\" name=\"form_fields[field_525a418][]\"> <label for=\"form-field-field_525a418-2\">\u00d6zel G\u00fcvenlik Silahs\u0131z Temel E\u011fitimi<\/label><\/span><span class=\"elementor-field-option\"><input type=\"checkbox\" value=\"\u00d6zel G\u00fcvenlik Silahs\u0131z Yenileme E\u011fitimi\" id=\"form-field-field_525a418-3\" name=\"form_fields[field_525a418][]\"> <label for=\"form-field-field_525a418-3\">\u00d6zel G\u00fcvenlik Silahs\u0131z Yenileme E\u011fitimi<\/label><\/span><span class=\"elementor-field-option\"><input type=\"checkbox\" value=\"Silahs\u0131zdan Silahl\u0131 Ge\u00e7i\u015f E\u011fitimi\" id=\"form-field-field_525a418-4\" name=\"form_fields[field_525a418][]\"> <label for=\"form-field-field_525a418-4\">Silahs\u0131zdan Silahl\u0131 Ge\u00e7i\u015f E\u011fitimi<\/label><\/span><\/div>\t\t\t\t<\/div>\n\t\t\t\t\t\t\t\t<div class=\"elementor-field-group elementor-column elementor-field-type-submit elementor-col-100 e-form__buttons\">\n\t\t\t\t\t<button class=\"elementor-button elementor-size-sm\" type=\"submit\">\n\t\t\t\t\t\t<span class=\"elementor-button-content-wrapper\">\n\t\t\t\t\t\t\t\t\t\t\t\t\t\t\t\t\t\t\t\t\t\t<span class=\"elementor-button-text\">Ba\u015fvur<\/span>\n\t\t\t\t\t\t\t\t\t\t\t\t\t<\/span>\n\t\t\t\t\t<\/button>\n\t\t\t\t<\/div>\n\t\t\t<\/div>\n\t\t<\/form>\n\t\t\t\t\t\t<\/div>\n\t\t\t\t<div class=\"elementor-element elementor-element-9d788cd elementor-widget elementor-widget-heading\" data-id=\"9d788cd\" data-element_type=\"widget\" data-widget_type=\"heading.default\">\n\t\t\t\t\t<h5 class=\"elementor-heading-title elementor-size-default\">Son Yaz\u0131lar<\/h5>\t\t\t\t<\/div>\n\t\t\t\t\t<\/div>\n\t\t\t\t<\/div>\n\t\t\t\t<\/div>\n\t\t\t\t<\/div>\n\t\t\t\t\t\t<\/div>\n\t\t\t\t<\/div>\n\t\t\t\t<\/div>\n\t\t<div class=\"elementor-element elementor-element-e0feec1 e-con-full e-flex e-con e-child\" data-id=\"e0feec1\" data-element_type=\"container\">\n\t\t\t\t<div class=\"elementor-element elementor-element-76a7246 elementor-widget elementor-widget-heading\" data-id=\"76a7246\" data-element_type=\"widget\" data-widget_type=\"heading.default\">\n\t\t\t\t\t<h2 class=\"elementor-heading-title elementor-size-default\">Kurs Kay\u0131t ve \u015eartlar<\/h2>\t\t\t\t<\/div>\n\t\t\t\t<div class=\"elementor-element elementor-element-262fc43 elementor-widget elementor-widget-text-editor\" data-id=\"262fc43\" data-element_type=\"widget\" data-widget_type=\"text-editor.default\">\n\t\t\t\t\t\t\t\t\t<p><strong>Silahs\u0131z \u00d6zel G\u00fcvenlik Temel E\u011fitim i\u00e7in;<\/strong><\/p><ul><li>T\u00fcrkiye Cumhuriyeti vatanda\u015f\u0131 olmak.<\/li><li>18 ya\u015f\u0131n\u0131 doldurmu\u015f olmak.<\/li><li>En az ilk\u00f6\u011fretim (ortaokul) mezunu olmak.<\/li><li>Tam te\u015fekk\u00fcll\u00fc devlet hastanesinden \u201csilahs\u0131z \u00f6zel g\u00fcvenlik g\u00f6revlisi olur\u201d sa\u011fl\u0131k raporu almak.<\/li><\/ul><p><strong>Silahl\u0131 \u00d6zel G\u00fcvenlik Temel E\u011fitim i\u00e7in;<\/strong><\/p><ul><li>T\u00fcrkiye Cumhuriyeti vatanda\u015f\u0131 olmak.<\/li><li>21 ya\u015f\u0131n\u0131 doldurmu\u015f olmak.<\/li><li>En az lise mezunu olmak.<\/li><li>Tam te\u015fekk\u00fcll\u00fc devlet hastanesinden \u201csilahl\u0131 \u00f6zel g\u00fcvenlik g\u00f6revlisi olur\u201d sa\u011fl\u0131k raporu almak.<\/li><\/ul>\t\t\t\t\t\t\t\t<\/div>\n\t\t\t\t<div class=\"elementor-element elementor-element-b7bfbb0 elementor-widget elementor-widget-video\" data-id=\"b7bfbb0\" data-element_type=\"widget\" data-settings=\"{&quot;youtube_url&quot;:&quot;https:\\\/\\\/www.youtube.com\\\/watch?v=fwU6WqmL2hA&quot;,&quot;video_type&quot;:&quot;youtube&quot;,&quot;controls&quot;:&quot;yes&quot;}\" data-widget_type=\"video.default\">\n\t\t\t\t\t\t\t<div class=\"elementor-wrapper elementor-open-inline\">\n\t\t\t<div class=\"elementor-video\"><\/div>\t\t<\/div>\n\t\t\t\t\t\t<\/div>\n\t\t\t\t<\/div>\n\t\t\t\t\t<\/div>\n\t\t\t\t<\/div>\n\t\t\t\t<section class=\"elementor-section elementor-top-section elementor-element elementor-element-b4935a5 elementor-section-boxed elementor-section-height-default elementor-section-height-default\" data-id=\"b4935a5\" data-element_type=\"section\">\n\t\t\t\t\t\t<div class=\"elementor-container elementor-column-gap-default\">\n\t\t\t\t\t<div class=\"elementor-column elementor-col-100 elementor-top-column elementor-element elementor-element-545f568\" data-id=\"545f568\" data-element_type=\"column\">\n\t\t\t<div class=\"elementor-widget-wrap elementor-element-populated\">\n\t\t\t\t\t\t<section class=\"elementor-section elementor-inner-section elementor-element elementor-element-709ffb2 elementor-section-content-middle elementor-section-boxed elementor-section-height-default elementor-section-height-default\" data-id=\"709ffb2\" data-element_type=\"section\" data-settings=\"{&quot;background_background&quot;:&quot;classic&quot;}\">\n\t\t\t\t\t\t<div class=\"elementor-container elementor-column-gap-default\">\n\t\t\t\t\t<div class=\"elementor-column elementor-col-50 elementor-inner-column elementor-element elementor-element-6b72269 elementor-invisible\" data-id=\"6b72269\" data-element_type=\"column\" data-settings=\"{&quot;animation&quot;:&quot;fadeInLeft&quot;}\">\n\t\t\t<div class=\"elementor-widget-wrap elementor-element-populated\">\n\t\t\t\t\t\t<div class=\"elementor-element elementor-element-44a71eb elementor-widget elementor-widget-heading\" data-id=\"44a71eb\" data-element_type=\"widget\" data-widget_type=\"heading.default\">\n\t\t\t\t\t<h2 class=\"elementor-heading-title elementor-size-default\">Hedeflerinize Ula\u015fmak \u0130\u00e7in Beklemeyin Online Kurs ve Soru \u00c7\u00f6z\u00fcmleri ile Kendinizi Geli\u015ftirin<\/h2>\t\t\t\t<\/div>\n\t\t\t\t<div class=\"elementor-element elementor-element-b7c16d3 elementor-widget elementor-widget-button\" data-id=\"b7c16d3\" data-element_type=\"widget\" data-widget_type=\"button.default\">\n\t\t\t\t\t\t\t\t\t\t<a class=\"elementor-button elementor-button-link elementor-size-md\" href=\"#\">\n\t\t\t\t\t\t<span class=\"elementor-button-content-wrapper\">\n\t\t\t\t\t\t\t\t\t<span class=\"elementor-button-text\">Daha Fazla<\/span>\n\t\t\t\t\t<\/span>\n\t\t\t\t\t<\/a>\n\t\t\t\t\t\t\t\t<\/div>\n\t\t\t\t\t<\/div>\n\t\t<\/div>\n\t\t\t\t<div class=\"elementor-column elementor-col-50 elementor-inner-column elementor-element elementor-element-22cb6fa elementor-invisible\" data-id=\"22cb6fa\" data-element_type=\"column\" data-settings=\"{&quot;animation&quot;:&quot;fadeInUp&quot;}\">\n\t\t\t<div class=\"elementor-widget-wrap elementor-element-populated\">\n\t\t\t\t\t\t<div class=\"elementor-element elementor-element-1064850 elementor-widget elementor-widget-image\" data-id=\"1064850\" data-element_type=\"widget\" data-widget_type=\"image.default\">\n\t\t\t\t\t\t\t\t\t\t\t\t\t\t\t<img decoding=\"async\" width=\"1536\" height=\"1024\" src=\"https:\/\/deltasizmir.com\/wp-content\/uploads\/2025\/12\/ChatGPT-Image-15-Ara-2025-17_58_43.png\" class=\"attachment-full size-full wp-image-167\" alt=\"\" srcset=\"https:\/\/deltasizmir.com\/wp-content\/uploads\/2025\/12\/ChatGPT-Image-15-Ara-2025-17_58_43.png 1536w, https:\/\/deltasizmir.com\/wp-content\/uploads\/2025\/12\/ChatGPT-Image-15-Ara-2025-17_58_43-300x200.png 300w, https:\/\/deltasizmir.com\/wp-content\/uploads\/2025\/12\/ChatGPT-Image-15-Ara-2025-17_58_43-1024x683.png 1024w, https:\/\/deltasizmir.com\/wp-content\/uploads\/2025\/12\/ChatGPT-Image-15-Ara-2025-17_58_43-768x512.png 768w\" sizes=\"(max-width: 1536px) 100vw, 1536px\" \/>\t\t\t\t\t\t\t\t\t\t\t\t\t\t\t<\/div>\n\t\t\t\t\t<\/div>\n\t\t<\/div>\n\t\t\t\t\t<\/div>\n\t\t<\/section>\n\t\t\t\t\t<\/div>\n\t\t<\/div>\n\t\t\t\t\t<\/div>\n\t\t<\/section>\n\t\t\t\t<\/div>\n\t\t","protected":false},"excerpt":{"rendered":"<p>Kurs Kay\u0131t ve \u015eartlar Silahs\u0131z \u00d6zel G\u00fcvenlik Temel E\u011fitim i\u00e7in; T\u00fcrkiye Cumhuriyeti vatanda\u015f\u0131 olmak. 18 ya\u015f\u0131n\u0131 doldurmu\u015f olmak. En az ilk\u00f6\u011fretim (ortaokul) mezunu olmak. Tam te\u015fekk\u00fcll\u00fc devlet hastanesinden \u201csilahs\u0131z \u00f6zel g\u00fcvenlik g\u00f6revlisi olur\u201d sa\u011fl\u0131k raporu almak. Silahl\u0131 \u00d6zel G\u00fcvenlik Temel E\u011fitim i\u00e7in; T\u00fcrkiye Cumhuriyeti vatanda\u015f\u0131 olmak. 21 ya\u015f\u0131n\u0131 doldurmu\u015f olmak. En az lise mezunu olmak. [&hellip;]<\/p>\n","protected":false},"author":1,"featured_media":0,"parent":0,"menu_order":0,"comment_status":"closed","ping_status":"closed","template":"elementor_header_footer","meta":{"_joinchat":[],"footnotes":""},"class_list":["post-106","page","type-page","status-publish","hentry"],"_links":{"self":[{"href":"https:\/\/deltasizmir.com\/index.php\/wp-json\/wp\/v2\/pages\/106","targetHints":{"allow":["GET"]}}],"collection":[{"href":"https:\/\/deltasizmir.com\/index.php\/wp-json\/wp\/v2\/pages"}],"about":[{"href":"https:\/\/deltasizmir.com\/index.php\/wp-json\/wp\/v2\/types\/page"}],"author":[{"embeddable":true,"href":"https:\/\/deltasizmir.com\/index.php\/wp-json\/wp\/v2\/users\/1"}],"replies":[{"embeddable":true,"href":"https:\/\/deltasizmir.com\/index.php\/wp-json\/wp\/v2\/comments?post=106"}],"version-history":[{"count":13,"href":"https:\/\/deltasizmir.com\/index.php\/wp-json\/wp\/v2\/pages\/106\/revisions"}],"predecessor-version":[{"id":222,"href":"https:\/\/deltasizmir.com\/index.php\/wp-json\/wp\/v2\/pages\/106\/revisions\/222"}],"wp:attachment":[{"href":"https:\/\/deltasizmir.com\/index.php\/wp-json\/wp\/v2\/media?parent=106"}],"curies":[{"name":"wp","href":"https:\/\/api.w.org\/{rel}","templated":true}]}}