{"id":93,"date":"2025-12-12T13:40:15","date_gmt":"2025-12-12T10:40:15","guid":{"rendered":"https:\/\/deltasizmir.com\/?page_id=93"},"modified":"2025-12-16T11:04:03","modified_gmt":"2025-12-16T08:04:03","slug":"hakkimizda","status":"publish","type":"page","link":"https:\/\/deltasizmir.com\/index.php\/hakkimizda\/","title":{"rendered":"Hakk\u0131m\u0131zda"},"content":{"rendered":"\t\t<div data-elementor-type=\"wp-page\" data-elementor-id=\"93\" class=\"elementor elementor-93\" data-elementor-post-type=\"page\">\n\t\t\t\t\t\t<section class=\"elementor-section elementor-top-section elementor-element elementor-element-55d5b011 elementor-reverse-mobile elementor-section-boxed elementor-section-height-default elementor-section-height-default\" data-id=\"55d5b011\" data-element_type=\"section\" data-settings=\"{&quot;background_background&quot;:&quot;classic&quot;}\">\n\t\t\t\t\t\t\t<div class=\"elementor-background-overlay\"><\/div>\n\t\t\t\t\t\t\t<div class=\"elementor-container elementor-column-gap-default\">\n\t\t\t\t\t<div class=\"elementor-column elementor-col-100 elementor-top-column elementor-element elementor-element-58f800d4\" data-id=\"58f800d4\" data-element_type=\"column\">\n\t\t\t<div class=\"elementor-widget-wrap elementor-element-populated\">\n\t\t\t\t\t\t<section class=\"elementor-section elementor-inner-section elementor-element elementor-element-1f7b1ed5 elementor-section-content-middle elementor-section-boxed elementor-section-height-default elementor-section-height-default\" data-id=\"1f7b1ed5\" data-element_type=\"section\">\n\t\t\t\t\t\t<div class=\"elementor-container elementor-column-gap-default\">\n\t\t\t\t\t<div class=\"elementor-column elementor-col-50 elementor-inner-column elementor-element elementor-element-72d0f268\" data-id=\"72d0f268\" data-element_type=\"column\">\n\t\t\t<div class=\"elementor-widget-wrap elementor-element-populated\">\n\t\t\t\t\t\t<div class=\"elementor-element elementor-element-1e8028e7 elementor-widget elementor-widget-heading\" data-id=\"1e8028e7\" data-element_type=\"widget\" data-widget_type=\"heading.default\">\n\t\t\t\t\t<h1 class=\"elementor-heading-title elementor-size-default\">Hakk\u0131m\u0131zda<\/h1>\t\t\t\t<\/div>\n\t\t\t\t<div class=\"elementor-element elementor-element-391bf948 elementor-widget elementor-widget-heading\" data-id=\"391bf948\" data-element_type=\"widget\" data-widget_type=\"heading.default\">\n\t\t\t\t\t<h4 class=\"elementor-heading-title elementor-size-default\">Delta\u015f \u00d6zel G\u00fcvenlik, g\u00fcvenlik sekt\u00f6r\u00fc i\u00e7erisinde yasal d\u00fczenlemeden \u00f6nceki d\u00f6nemi de kapsayan tecr\u00fcbesi ile 2004 y\u0131l\u0131 Haziran ay\u0131nda 5188 say\u0131l\u0131 \u00d6zel G\u00fcvenlik Kanunu \u015fartlar\u0131nca uygun olarak yenilenerek hem \u00f6zel g\u00fcvenlik e\u011fitim kurumu hem de \u00f6zel g\u00fcvenlik \u015firketi faaliyet izin belgelerini alm\u0131\u015f, \u0130zmir Valili\u011fi taraf\u0131ndan verilen \u201cAlarm Merkezi Kurma ve \u0130zleme \u0130zin Belgesi\u201d almaya hak kazanm\u0131\u015ft\u0131r.<\/h4>\t\t\t\t<\/div>\n\t\t\t\t\t<\/div>\n\t\t<\/div>\n\t\t\t\t<div class=\"elementor-column elementor-col-50 elementor-inner-column elementor-element elementor-element-4499a5d9\" data-id=\"4499a5d9\" data-element_type=\"column\">\n\t\t\t<div class=\"elementor-widget-wrap elementor-element-populated\">\n\t\t\t\t\t\t<div class=\"elementor-element elementor-element-629cc672 elementor-widget elementor-widget-image\" data-id=\"629cc672\" data-element_type=\"widget\" data-widget_type=\"image.default\">\n\t\t\t\t\t\t\t\t\t\t\t\t\t\t\t<img fetchpriority=\"high\" decoding=\"async\" width=\"450\" height=\"451\" src=\"https:\/\/deltasizmir.com\/wp-content\/uploads\/2025\/12\/ozel-guvenlik.png.webp\" class=\"attachment-full size-full wp-image-133\" alt=\"\" srcset=\"https:\/\/deltasizmir.com\/wp-content\/uploads\/2025\/12\/ozel-guvenlik.png.webp 450w, https:\/\/deltasizmir.com\/wp-content\/uploads\/2025\/12\/ozel-guvenlik.png-300x300.webp 300w, https:\/\/deltasizmir.com\/wp-content\/uploads\/2025\/12\/ozel-guvenlik.png-150x150.webp 150w\" sizes=\"(max-width: 450px) 100vw, 450px\" \/>\t\t\t\t\t\t\t\t\t\t\t\t\t\t\t<\/div>\n\t\t\t\t\t<\/div>\n\t\t<\/div>\n\t\t\t\t\t<\/div>\n\t\t<\/section>\n\t\t\t\t\t<\/div>\n\t\t<\/div>\n\t\t\t\t\t<\/div>\n\t\t<\/section>\n\t\t\t\t<section class=\"elementor-section elementor-top-section elementor-element elementor-element-44bbb96f elementor-section-content-middle elementor-reverse-tablet elementor-reverse-mobile elementor-section-boxed elementor-section-height-default elementor-section-height-default\" data-id=\"44bbb96f\" data-element_type=\"section\" data-settings=\"{&quot;background_background&quot;:&quot;classic&quot;}\">\n\t\t\t\t\t\t\t<div class=\"elementor-background-overlay\"><\/div>\n\t\t\t\t\t\t\t<div class=\"elementor-container elementor-column-gap-default\">\n\t\t\t\t\t<div class=\"elementor-column elementor-col-50 elementor-top-column elementor-element elementor-element-53789e67\" data-id=\"53789e67\" data-element_type=\"column\">\n\t\t\t<div class=\"elementor-widget-wrap elementor-element-populated\">\n\t\t\t\t\t\t<div class=\"elementor-element elementor-element-30b8e317 elementor-invisible elementor-widget elementor-widget-image\" data-id=\"30b8e317\" data-element_type=\"widget\" data-settings=\"{&quot;_animation&quot;:&quot;bounceInUp&quot;}\" data-widget_type=\"image.default\">\n\t\t\t\t\t\t\t\t\t\t\t\t\t\t\t<img decoding=\"async\" width=\"500\" height=\"484\" src=\"https:\/\/deltasizmir.com\/wp-content\/uploads\/2025\/12\/securiretpng.png\" class=\"attachment-full size-full wp-image-153\" alt=\"\" srcset=\"https:\/\/deltasizmir.com\/wp-content\/uploads\/2025\/12\/securiretpng.png 500w, https:\/\/deltasizmir.com\/wp-content\/uploads\/2025\/12\/securiretpng-300x290.png 300w\" sizes=\"(max-width: 500px) 100vw, 500px\" \/>\t\t\t\t\t\t\t\t\t\t\t\t\t\t\t<\/div>\n\t\t\t\t<div class=\"elementor-element elementor-element-4b688b8c elementor-cta--skin-cover elementor-cta--valign-middle elementor-widget__width-initial elementor-absolute e-transform elementor-invisible elementor-widget elementor-widget-call-to-action\" data-id=\"4b688b8c\" data-element_type=\"widget\" data-settings=\"{&quot;_position&quot;:&quot;absolute&quot;,&quot;_animation&quot;:&quot;bounceIn&quot;,&quot;_transform_rotateZ_effect&quot;:{&quot;unit&quot;:&quot;px&quot;,&quot;size&quot;:-14,&quot;sizes&quot;:[]},&quot;_transform_rotateZ_effect_tablet&quot;:{&quot;unit&quot;:&quot;deg&quot;,&quot;size&quot;:&quot;&quot;,&quot;sizes&quot;:[]},&quot;_transform_rotateZ_effect_mobile&quot;:{&quot;unit&quot;:&quot;deg&quot;,&quot;size&quot;:&quot;&quot;,&quot;sizes&quot;:[]}}\" data-widget_type=\"call-to-action.default\">\n\t\t\t\t\t\t\t<div class=\"elementor-cta\">\n\t\t\t\t\t<div class=\"elementor-cta__bg-wrapper\">\n\t\t\t\t<div class=\"elementor-cta__bg elementor-bg\" style=\"background-image: url();\" role=\"img\" aria-label=\"\"><\/div>\n\t\t\t\t<div class=\"elementor-cta__bg-overlay\"><\/div>\n\t\t\t<\/div>\n\t\t\t\t\t\t\t<div class=\"elementor-cta__content\">\n\t\t\t\t\n\t\t\t\t\t\t\t\t\t<div class=\"elementor-cta__title elementor-cta__content-item elementor-content-item\">\n\t\t\t\t\t\t15+\t\t\t\t\t<\/div>\n\t\t\t\t\n\t\t\t\t\t\t\t\t\t<div class=\"elementor-cta__description elementor-cta__content-item elementor-content-item\">\n\t\t\t\t\t\tY\u0131ll\u0131k Deneyim\t\t\t\t\t<\/div>\n\t\t\t\t\n\t\t\t\t\t\t\t<\/div>\n\t\t\t\t\t\t<\/div>\n\t\t\t\t\t\t<\/div>\n\t\t\t\t\t<\/div>\n\t\t<\/div>\n\t\t\t\t<div class=\"elementor-column elementor-col-50 elementor-top-column elementor-element elementor-element-3714b44b elementor-invisible\" data-id=\"3714b44b\" data-element_type=\"column\" data-settings=\"{&quot;background_background&quot;:&quot;classic&quot;,&quot;animation&quot;:&quot;fadeInRight&quot;}\">\n\t\t\t<div class=\"elementor-widget-wrap elementor-element-populated\">\n\t\t\t\t\t\t<div class=\"elementor-element elementor-element-29542e13 elementor-widget elementor-widget-heading\" data-id=\"29542e13\" data-element_type=\"widget\" data-widget_type=\"heading.default\">\n\t\t\t\t\t<h2 class=\"elementor-heading-title elementor-size-default\">Vizyonumuz &amp; Misyonumuz<\/h2>\t\t\t\t<\/div>\n\t\t\t\t<div class=\"elementor-element elementor-element-76604c0b elementor-view-stacked elementor-position-inline-start elementor-mobile-position-inline-start elementor-shape-circle elementor-widget elementor-widget-icon-box\" data-id=\"76604c0b\" data-element_type=\"widget\" data-widget_type=\"icon-box.default\">\n\t\t\t\t\t\t\t<div class=\"elementor-icon-box-wrapper\">\n\n\t\t\t\t\t\t<div class=\"elementor-icon-box-icon\">\n\t\t\t\t<span  class=\"elementor-icon\">\n\t\t\t\t<i aria-hidden=\"true\" class=\"icon icon-diamond\"><\/i>\t\t\t\t<\/span>\n\t\t\t<\/div>\n\t\t\t\n\t\t\t\t\t\t<div class=\"elementor-icon-box-content\">\n\n\t\t\t\t\t\t\t\t\t<div class=\"elementor-icon-box-title\">\n\t\t\t\t\t\t<span  >\n\t\t\t\t\t\t\tMisyonumuz\t\t\t\t\t\t<\/span>\n\t\t\t\t\t<\/div>\n\t\t\t\t\n\t\t\t\t\t\t\t\t\t<p class=\"elementor-icon-box-description\">\n\t\t\t\t\t\t\u0130zmir ve \u00e7evre iller \u00f6ncelikli olmak \u00fczere t\u00fcm T\u00fcrkiye\u2019de \u00f6zel g\u00fcvenlik faaliyetlerini s\u00fcrd\u00fcren firmam\u0131z, hem e\u011fitimli personellerimiz hem de deneyimli idari kadromuz ile g\u00fcvenlik ihtiya\u00e7lar\u0131n\u0131za en do\u011fru ve kesin \u00e7\u00f6z\u00fcmleri sunmaktad\u0131r.\t\t\t\t\t<\/p>\n\t\t\t\t\n\t\t\t<\/div>\n\t\t\t\n\t\t<\/div>\n\t\t\t\t\t\t<\/div>\n\t\t\t\t<div class=\"elementor-element elementor-element-160f178e elementor-view-stacked elementor-position-inline-start elementor-mobile-position-inline-start elementor-shape-circle elementor-widget elementor-widget-icon-box\" data-id=\"160f178e\" data-element_type=\"widget\" data-widget_type=\"icon-box.default\">\n\t\t\t\t\t\t\t<div class=\"elementor-icon-box-wrapper\">\n\n\t\t\t\t\t\t<div class=\"elementor-icon-box-icon\">\n\t\t\t\t<span  class=\"elementor-icon\">\n\t\t\t\t<i aria-hidden=\"true\" class=\"lnr lnr-diamond\"><\/i>\t\t\t\t<\/span>\n\t\t\t<\/div>\n\t\t\t\n\t\t\t\t\t\t<div class=\"elementor-icon-box-content\">\n\n\t\t\t\t\t\t\t\t\t<div class=\"elementor-icon-box-title\">\n\t\t\t\t\t\t<span  >\n\t\t\t\t\t\t\tVizyonumuz\t\t\t\t\t\t<\/span>\n\t\t\t\t\t<\/div>\n\t\t\t\t\n\t\t\t\t\t\t\t\t\t<p class=\"elementor-icon-box-description\">\n\t\t\t\t\t\tDelta\u015f \u00d6zel G\u00fcvenlik; sekt\u00f6r\u00fcnde 16 y\u0131ll\u0131k deneyimi ile m\u00fc\u015fteri memnuniyetini \u00f6n planda tutmak ve en kaliteli hizmeti sa\u011flamak prensibi ile hareket etmektedir. G\u00fc\u00e7l\u00fc ve oturmu\u015f organizasyon yap\u0131m\u0131z sayesinde \u00f6zel g\u00fcvenlik hizmetlerini kusursuzla\u015ft\u0131ran firmam\u0131z, ihtiyac\u0131n\u0131z olan hemen her yerde silahl\u0131 ve silahs\u0131z \u00f6zel g\u00fcvenlik hizmeti sunarak, g\u00fcvende ve huzurlu kalman\u0131z\u0131 sa\u011flamay\u0131 kendisine ama\u00e7 edinmi\u015ftir.\t\t\t\t\t<\/p>\n\t\t\t\t\n\t\t\t<\/div>\n\t\t\t\n\t\t<\/div>\n\t\t\t\t\t\t<\/div>\n\t\t\t\t\t<\/div>\n\t\t<\/div>\n\t\t\t\t\t<\/div>\n\t\t<\/section>\n\t\t\t\t<\/div>\n\t\t","protected":false},"excerpt":{"rendered":"<p>Delta\u015f \u00d6zel G\u00fcvenlik, g\u00fcvenlik sekt\u00f6r\u00fc i\u00e7erisinde yasal d\u00fczenlemeden \u00f6nceki d\u00f6nemi de kapsayan tecr\u00fcbesi ile 2004 y\u0131l\u0131 Haziran ay\u0131nda 5188 say\u0131l\u0131 \u00d6zel G\u00fcvenlik Kanunu \u015fartlar\u0131nca uygun olarak yenilenerek hem \u00f6zel g\u00fcvenlik e\u011fitim kurumu hem de \u00f6zel g\u00fcvenlik \u015firketi faaliyet izin belgelerini alm\u0131\u015f, \u0130zmir Valili\u011fi taraf\u0131ndan verilen \u201cAlarm Merkezi Kurma ve \u0130zleme \u0130zin Belgesi\u201d almaya hak kazanm\u0131\u015ft\u0131r. [&hellip;]<\/p>\n","protected":false},"author":1,"featured_media":0,"parent":0,"menu_order":0,"comment_status":"closed","ping_status":"closed","template":"elementor_header_footer","meta":{"_joinchat":[],"footnotes":""},"class_list":["post-93","page","type-page","status-publish","hentry"],"_links":{"self":[{"href":"https:\/\/deltasizmir.com\/index.php\/wp-json\/wp\/v2\/pages\/93","targetHints":{"allow":["GET"]}}],"collection":[{"href":"https:\/\/deltasizmir.com\/index.php\/wp-json\/wp\/v2\/pages"}],"about":[{"href":"https:\/\/deltasizmir.com\/index.php\/wp-json\/wp\/v2\/types\/page"}],"author":[{"embeddable":true,"href":"https:\/\/deltasizmir.com\/index.php\/wp-json\/wp\/v2\/users\/1"}],"replies":[{"embeddable":true,"href":"https:\/\/deltasizmir.com\/index.php\/wp-json\/wp\/v2\/comments?post=93"}],"version-history":[{"count":7,"href":"https:\/\/deltasizmir.com\/index.php\/wp-json\/wp\/v2\/pages\/93\/revisions"}],"predecessor-version":[{"id":184,"href":"https:\/\/deltasizmir.com\/index.php\/wp-json\/wp\/v2\/pages\/93\/revisions\/184"}],"wp:attachment":[{"href":"https:\/\/deltasizmir.com\/index.php\/wp-json\/wp\/v2\/media?parent=93"}],"curies":[{"name":"wp","href":"https:\/\/api.w.org\/{rel}","templated":true}]}}